{"id":1056,"date":"2024-08-04T20:14:36","date_gmt":"2024-08-04T20:14:36","guid":{"rendered":"https:\/\/osk-waliszewscy.pl\/index.php\/services\/"},"modified":"2026-03-29T08:19:11","modified_gmt":"2026-03-29T08:19:11","slug":"cennik","status":"publish","type":"page","link":"https:\/\/osk-waliszewscy.pl\/index.php\/cennik\/","title":{"rendered":"Cennik"},"content":{"rendered":"\t\t<div data-elementor-type=\"wp-page\" data-elementor-id=\"1056\" class=\"elementor elementor-1056\">\n\t\t\t\t\t\t<section class=\"elementor-section elementor-top-section elementor-element elementor-element-462bf22e elementor-section-boxed elementor-section-height-default elementor-section-height-default wpr-particle-no wpr-jarallax-no wpr-parallax-no wpr-sticky-section-no\" data-id=\"462bf22e\" data-element_type=\"section\" data-settings=\"{&quot;background_background&quot;:&quot;classic&quot;}\">\n\t\t\t\t\t\t\t<div class=\"elementor-background-overlay\"><\/div>\n\t\t\t\t\t\t\t<div class=\"elementor-container elementor-column-gap-default\">\n\t\t\t\t\t<div class=\"elementor-column elementor-col-100 elementor-top-column elementor-element elementor-element-4c656751\" data-id=\"4c656751\" data-element_type=\"column\">\n\t\t\t<div class=\"elementor-widget-wrap elementor-element-populated\">\n\t\t\t\t\t\t<div class=\"elementor-element elementor-element-20216efe elementor-widget elementor-widget-heading\" data-id=\"20216efe\" data-element_type=\"widget\" data-widget_type=\"heading.default\">\n\t\t\t\t<div class=\"elementor-widget-container\">\n\t\t\t<style>\/*! elementor - v3.23.0 - 25-07-2024 *\/\n.elementor-heading-title{padding:0;margin:0;line-height:1}.elementor-widget-heading .elementor-heading-title[class*=elementor-size-]>a{color:inherit;font-size:inherit;line-height:inherit}.elementor-widget-heading .elementor-heading-title.elementor-size-small{font-size:15px}.elementor-widget-heading .elementor-heading-title.elementor-size-medium{font-size:19px}.elementor-widget-heading .elementor-heading-title.elementor-size-large{font-size:29px}.elementor-widget-heading .elementor-heading-title.elementor-size-xl{font-size:39px}.elementor-widget-heading .elementor-heading-title.elementor-size-xxl{font-size:59px}<\/style><h2 class=\"elementor-heading-title elementor-size-default\">Cennik<\/h2>\t\t<\/div>\n\t\t\t\t<\/div>\n\t\t\t\t\t<\/div>\n\t\t<\/div>\n\t\t\t\t\t<\/div>\n\t\t<\/section>\n\t\t\t\t<section class=\"elementor-section elementor-top-section elementor-element elementor-element-a6380bc elementor-section-boxed elementor-section-height-default elementor-section-height-default wpr-particle-no wpr-jarallax-no wpr-parallax-no wpr-sticky-section-no\" data-id=\"a6380bc\" data-element_type=\"section\">\n\t\t\t\t\t\t<div class=\"elementor-container elementor-column-gap-default\">\n\t\t\t\t\t<div class=\"elementor-column elementor-col-100 elementor-top-column elementor-element elementor-element-9fd1104\" data-id=\"9fd1104\" data-element_type=\"column\">\n\t\t\t<div class=\"elementor-widget-wrap elementor-element-populated\">\n\t\t\t\t\t\t<div class=\"elementor-element elementor-element-27b40327 elementor-widget elementor-widget-heading\" data-id=\"27b40327\" data-element_type=\"widget\" data-widget_type=\"heading.default\">\n\t\t\t\t<div class=\"elementor-widget-container\">\n\t\t\t<h3 class=\"elementor-heading-title elementor-size-default\">Ceny obowi\u0105zuj\u0105 od 29.03.2026<\/h3>\t\t<\/div>\n\t\t\t\t<\/div>\n\t\t\t\t<div class=\"elementor-element elementor-element-62b546c5 elementor-widget-divider--view-line elementor-widget elementor-widget-divider\" data-id=\"62b546c5\" data-element_type=\"widget\" data-widget_type=\"divider.default\">\n\t\t\t\t<div class=\"elementor-widget-container\">\n\t\t\t<style>\/*! elementor - v3.23.0 - 25-07-2024 *\/\n.elementor-widget-divider{--divider-border-style:none;--divider-border-width:1px;--divider-color:#0c0d0e;--divider-icon-size:20px;--divider-element-spacing:10px;--divider-pattern-height:24px;--divider-pattern-size:20px;--divider-pattern-url:none;--divider-pattern-repeat:repeat-x}.elementor-widget-divider .elementor-divider{display:flex}.elementor-widget-divider .elementor-divider__text{font-size:15px;line-height:1;max-width:95%}.elementor-widget-divider .elementor-divider__element{margin:0 var(--divider-element-spacing);flex-shrink:0}.elementor-widget-divider .elementor-icon{font-size:var(--divider-icon-size)}.elementor-widget-divider .elementor-divider-separator{display:flex;margin:0;direction:ltr}.elementor-widget-divider--view-line_icon .elementor-divider-separator,.elementor-widget-divider--view-line_text .elementor-divider-separator{align-items:center}.elementor-widget-divider--view-line_icon .elementor-divider-separator:after,.elementor-widget-divider--view-line_icon .elementor-divider-separator:before,.elementor-widget-divider--view-line_text .elementor-divider-separator:after,.elementor-widget-divider--view-line_text .elementor-divider-separator:before{display:block;content:\"\";border-block-end:0;flex-grow:1;border-block-start:var(--divider-border-width) var(--divider-border-style) var(--divider-color)}.elementor-widget-divider--element-align-left .elementor-divider .elementor-divider-separator>.elementor-divider__svg:first-of-type{flex-grow:0;flex-shrink:100}.elementor-widget-divider--element-align-left .elementor-divider-separator:before{content:none}.elementor-widget-divider--element-align-left .elementor-divider__element{margin-left:0}.elementor-widget-divider--element-align-right .elementor-divider .elementor-divider-separator>.elementor-divider__svg:last-of-type{flex-grow:0;flex-shrink:100}.elementor-widget-divider--element-align-right .elementor-divider-separator:after{content:none}.elementor-widget-divider--element-align-right .elementor-divider__element{margin-right:0}.elementor-widget-divider--element-align-start .elementor-divider .elementor-divider-separator>.elementor-divider__svg:first-of-type{flex-grow:0;flex-shrink:100}.elementor-widget-divider--element-align-start .elementor-divider-separator:before{content:none}.elementor-widget-divider--element-align-start .elementor-divider__element{margin-inline-start:0}.elementor-widget-divider--element-align-end .elementor-divider .elementor-divider-separator>.elementor-divider__svg:last-of-type{flex-grow:0;flex-shrink:100}.elementor-widget-divider--element-align-end .elementor-divider-separator:after{content:none}.elementor-widget-divider--element-align-end .elementor-divider__element{margin-inline-end:0}.elementor-widget-divider:not(.elementor-widget-divider--view-line_text):not(.elementor-widget-divider--view-line_icon) .elementor-divider-separator{border-block-start:var(--divider-border-width) var(--divider-border-style) var(--divider-color)}.elementor-widget-divider--separator-type-pattern{--divider-border-style:none}.elementor-widget-divider--separator-type-pattern.elementor-widget-divider--view-line .elementor-divider-separator,.elementor-widget-divider--separator-type-pattern:not(.elementor-widget-divider--view-line) .elementor-divider-separator:after,.elementor-widget-divider--separator-type-pattern:not(.elementor-widget-divider--view-line) .elementor-divider-separator:before,.elementor-widget-divider--separator-type-pattern:not([class*=elementor-widget-divider--view]) .elementor-divider-separator{width:100%;min-height:var(--divider-pattern-height);-webkit-mask-size:var(--divider-pattern-size) 100%;mask-size:var(--divider-pattern-size) 100%;-webkit-mask-repeat:var(--divider-pattern-repeat);mask-repeat:var(--divider-pattern-repeat);background-color:var(--divider-color);-webkit-mask-image:var(--divider-pattern-url);mask-image:var(--divider-pattern-url)}.elementor-widget-divider--no-spacing{--divider-pattern-size:auto}.elementor-widget-divider--bg-round{--divider-pattern-repeat:round}.rtl .elementor-widget-divider .elementor-divider__text{direction:rtl}.e-con-inner>.elementor-widget-divider,.e-con>.elementor-widget-divider{width:var(--container-widget-width,100%);--flex-grow:var(--container-widget-flex-grow)}<\/style>\t\t<div class=\"elementor-divider\">\n\t\t\t<span class=\"elementor-divider-separator\">\n\t\t\t\t\t\t<\/span>\n\t\t<\/div>\n\t\t\t\t<\/div>\n\t\t\t\t<\/div>\n\t\t\t\t<section class=\"elementor-section elementor-inner-section elementor-element elementor-element-41cad1 elementor-section-boxed elementor-section-height-default elementor-section-height-default wpr-particle-no wpr-jarallax-no wpr-parallax-no wpr-sticky-section-no\" data-id=\"41cad1\" data-element_type=\"section\">\n\t\t\t\t\t\t<div class=\"elementor-container elementor-column-gap-default\">\n\t\t\t\t\t<div class=\"elementor-column elementor-col-33 elementor-inner-column elementor-element elementor-element-38ae384b\" data-id=\"38ae384b\" data-element_type=\"column\">\n\t\t\t<div class=\"elementor-widget-wrap elementor-element-populated\">\n\t\t\t\t\t\t<div class=\"elementor-element elementor-element-755edee4 elementor-widget elementor-widget-image\" data-id=\"755edee4\" data-element_type=\"widget\" data-widget_type=\"image.default\">\n\t\t\t\t<div class=\"elementor-widget-container\">\n\t\t\t<style>\/*! elementor - v3.23.0 - 25-07-2024 *\/\n.elementor-widget-image{text-align:center}.elementor-widget-image a{display:inline-block}.elementor-widget-image a img[src$=\".svg\"]{width:48px}.elementor-widget-image img{vertical-align:middle;display:inline-block}<\/style>\t\t\t\t\t\t\t\t\t\t<img fetchpriority=\"high\" decoding=\"async\" width=\"960\" height=\"720\" src=\"https:\/\/osk-waliszewscy.pl\/wp-content\/uploads\/2024\/08\/1-1024x768.jpg\" class=\"attachment-large size-large wp-image-1139\" alt=\"\" srcset=\"https:\/\/osk-waliszewscy.pl\/wp-content\/uploads\/2024\/08\/1-1024x768.jpg 1024w, https:\/\/osk-waliszewscy.pl\/wp-content\/uploads\/2024\/08\/1-300x225.jpg 300w, https:\/\/osk-waliszewscy.pl\/wp-content\/uploads\/2024\/08\/1-768x576.jpg 768w, https:\/\/osk-waliszewscy.pl\/wp-content\/uploads\/2024\/08\/1-1536x1152.jpg 1536w, https:\/\/osk-waliszewscy.pl\/wp-content\/uploads\/2024\/08\/1-2048x1536.jpg 2048w\" sizes=\"(max-width: 960px) 100vw, 960px\" \/>\t\t\t\t\t\t\t\t\t\t\t\t\t<\/div>\n\t\t\t\t<\/div>\n\t\t\t\t<div class=\"elementor-element elementor-element-1cf27a1c elementor-widget elementor-widget-heading\" data-id=\"1cf27a1c\" data-element_type=\"widget\" data-widget_type=\"heading.default\">\n\t\t\t\t<div class=\"elementor-widget-container\">\n\t\t\t<h2 class=\"elementor-heading-title elementor-size-default\">Kategoria BE - 2.600 z\u0142 (Egzamin na zestawie OSK)<\/h2>\t\t<\/div>\n\t\t\t\t<\/div>\n\t\t\t\t<div class=\"elementor-element elementor-element-2e1dbc7b elementor-widget elementor-widget-text-editor\" data-id=\"2e1dbc7b\" data-element_type=\"widget\" data-widget_type=\"text-editor.default\">\n\t\t\t\t<div class=\"elementor-widget-container\">\n\t\t\t<style>\/*! elementor - v3.23.0 - 25-07-2024 *\/\n.elementor-widget-text-editor.elementor-drop-cap-view-stacked .elementor-drop-cap{background-color:#69727d;color:#fff}.elementor-widget-text-editor.elementor-drop-cap-view-framed .elementor-drop-cap{color:#69727d;border:3px solid;background-color:transparent}.elementor-widget-text-editor:not(.elementor-drop-cap-view-default) .elementor-drop-cap{margin-top:8px}.elementor-widget-text-editor:not(.elementor-drop-cap-view-default) .elementor-drop-cap-letter{width:1em;height:1em}.elementor-widget-text-editor .elementor-drop-cap{float:left;text-align:center;line-height:1;font-size:50px}.elementor-widget-text-editor .elementor-drop-cap-letter{display:inline-block}<\/style>\t\t\t\t<p class=\"cennik\"><b>Cena za 1h jazdy (szkolenie uzupe\u0142niaj\u0105ce) &#8211;<\/b>\u00a0175 z\u0142<\/p>\t\t\t\t\t\t<\/div>\n\t\t\t\t<\/div>\n\t\t\t\t\t<\/div>\n\t\t<\/div>\n\t\t\t\t<div class=\"elementor-column elementor-col-33 elementor-inner-column elementor-element elementor-element-7c1ba1fe\" data-id=\"7c1ba1fe\" data-element_type=\"column\">\n\t\t\t<div class=\"elementor-widget-wrap elementor-element-populated\">\n\t\t\t\t\t\t<div class=\"elementor-element elementor-element-74d416f3 elementor-widget elementor-widget-image\" data-id=\"74d416f3\" data-element_type=\"widget\" data-widget_type=\"image.default\">\n\t\t\t\t<div class=\"elementor-widget-container\">\n\t\t\t\t\t\t\t\t\t\t\t\t\t<img decoding=\"async\" width=\"960\" height=\"720\" src=\"https:\/\/osk-waliszewscy.pl\/wp-content\/uploads\/2024\/08\/2-1024x768.jpg\" class=\"attachment-large size-large wp-image-1140\" alt=\"\" srcset=\"https:\/\/osk-waliszewscy.pl\/wp-content\/uploads\/2024\/08\/2-1024x768.jpg 1024w, https:\/\/osk-waliszewscy.pl\/wp-content\/uploads\/2024\/08\/2-300x225.jpg 300w, https:\/\/osk-waliszewscy.pl\/wp-content\/uploads\/2024\/08\/2-768x576.jpg 768w, https:\/\/osk-waliszewscy.pl\/wp-content\/uploads\/2024\/08\/2-1536x1152.jpg 1536w, https:\/\/osk-waliszewscy.pl\/wp-content\/uploads\/2024\/08\/2-2048x1536.jpg 2048w\" sizes=\"(max-width: 960px) 100vw, 960px\" \/>\t\t\t\t\t\t\t\t\t\t\t\t\t<\/div>\n\t\t\t\t<\/div>\n\t\t\t\t<div class=\"elementor-element elementor-element-165d42fa elementor-widget elementor-widget-heading\" data-id=\"165d42fa\" data-element_type=\"widget\" data-widget_type=\"heading.default\">\n\t\t\t\t<div class=\"elementor-widget-container\">\n\t\t\t<h2 class=\"elementor-heading-title elementor-size-default\">Kategoria AM - 2.000 z\u0142<\/h2>\t\t<\/div>\n\t\t\t\t<\/div>\n\t\t\t\t<div class=\"elementor-element elementor-element-6edd19b7 elementor-widget elementor-widget-text-editor\" data-id=\"6edd19b7\" data-element_type=\"widget\" data-widget_type=\"text-editor.default\">\n\t\t\t\t<div class=\"elementor-widget-container\">\n\t\t\t\t\t\t\t<p><b>Cena za 1h jazdy (szkolenie uzupe\u0142niaj\u0105ce)\u00a0<\/b><span style=\"font-weight: bold;\">&#8211;<\/span>\u00a0200 z\u0142<\/p>\t\t\t\t\t\t<\/div>\n\t\t\t\t<\/div>\n\t\t\t\t\t<\/div>\n\t\t<\/div>\n\t\t\t\t<div class=\"elementor-column elementor-col-33 elementor-inner-column elementor-element elementor-element-31e6e1a4\" data-id=\"31e6e1a4\" data-element_type=\"column\">\n\t\t\t<div class=\"elementor-widget-wrap elementor-element-populated\">\n\t\t\t\t\t\t<div class=\"elementor-element elementor-element-1951aa40 elementor-widget elementor-widget-image\" data-id=\"1951aa40\" data-element_type=\"widget\" data-widget_type=\"image.default\">\n\t\t\t\t<div class=\"elementor-widget-container\">\n\t\t\t\t\t\t\t\t\t\t\t\t\t<img decoding=\"async\" width=\"960\" height=\"720\" src=\"https:\/\/osk-waliszewscy.pl\/wp-content\/uploads\/2024\/08\/3-1024x768.jpg\" class=\"attachment-large size-large wp-image-1141\" alt=\"\" srcset=\"https:\/\/osk-waliszewscy.pl\/wp-content\/uploads\/2024\/08\/3-1024x768.jpg 1024w, https:\/\/osk-waliszewscy.pl\/wp-content\/uploads\/2024\/08\/3-300x225.jpg 300w, https:\/\/osk-waliszewscy.pl\/wp-content\/uploads\/2024\/08\/3-768x576.jpg 768w, https:\/\/osk-waliszewscy.pl\/wp-content\/uploads\/2024\/08\/3-1536x1152.jpg 1536w, https:\/\/osk-waliszewscy.pl\/wp-content\/uploads\/2024\/08\/3-2048x1536.jpg 2048w\" sizes=\"(max-width: 960px) 100vw, 960px\" \/>\t\t\t\t\t\t\t\t\t\t\t\t\t<\/div>\n\t\t\t\t<\/div>\n\t\t\t\t<div class=\"elementor-element elementor-element-283e1856 elementor-widget elementor-widget-heading\" data-id=\"283e1856\" data-element_type=\"widget\" data-widget_type=\"heading.default\">\n\t\t\t\t<div class=\"elementor-widget-container\">\n\t\t\t<h2 class=\"elementor-heading-title elementor-size-default\">Kategoria B - 4.000 z\u0142<\/h2>\t\t<\/div>\n\t\t\t\t<\/div>\n\t\t\t\t<div class=\"elementor-element elementor-element-6fcc3623 elementor-widget elementor-widget-text-editor\" data-id=\"6fcc3623\" data-element_type=\"widget\" data-widget_type=\"text-editor.default\">\n\t\t\t\t<div class=\"elementor-widget-container\">\n\t\t\t\t\t\t\t<p><b>Cena za 1h jazdy (szkolenie uzupe\u0142niaj\u0105ce)\u00a0<\/b><span style=\"font-weight: bold;\">&#8211;\u00a0<\/span>140 z\u0142<\/p>\t\t\t\t\t\t<\/div>\n\t\t\t\t<\/div>\n\t\t\t\t\t<\/div>\n\t\t<\/div>\n\t\t\t\t\t<\/div>\n\t\t<\/section>\n\t\t\t\t<section class=\"elementor-section elementor-inner-section elementor-element elementor-element-5af10e82 elementor-section-boxed elementor-section-height-default elementor-section-height-default wpr-particle-no wpr-jarallax-no wpr-parallax-no wpr-sticky-section-no\" data-id=\"5af10e82\" data-element_type=\"section\">\n\t\t\t\t\t\t<div class=\"elementor-container elementor-column-gap-default\">\n\t\t\t\t\t<div class=\"elementor-column elementor-col-33 elementor-inner-column elementor-element elementor-element-4153cc86\" data-id=\"4153cc86\" data-element_type=\"column\">\n\t\t\t<div class=\"elementor-widget-wrap elementor-element-populated\">\n\t\t\t\t\t\t<div class=\"elementor-element elementor-element-2cecb877 elementor-widget elementor-widget-image\" data-id=\"2cecb877\" data-element_type=\"widget\" data-widget_type=\"image.default\">\n\t\t\t\t<div class=\"elementor-widget-container\">\n\t\t\t\t\t\t\t\t\t\t\t\t\t<img loading=\"lazy\" decoding=\"async\" width=\"960\" height=\"640\" src=\"https:\/\/osk-waliszewscy.pl\/wp-content\/uploads\/2026\/01\/yamaha_mt-07_modell-2025_01-1024x683.jpg\" class=\"attachment-large size-large wp-image-1228\" alt=\"\" srcset=\"https:\/\/osk-waliszewscy.pl\/wp-content\/uploads\/2026\/01\/yamaha_mt-07_modell-2025_01-1024x683.jpg 1024w, https:\/\/osk-waliszewscy.pl\/wp-content\/uploads\/2026\/01\/yamaha_mt-07_modell-2025_01-300x200.jpg 300w, https:\/\/osk-waliszewscy.pl\/wp-content\/uploads\/2026\/01\/yamaha_mt-07_modell-2025_01-768x512.jpg 768w, https:\/\/osk-waliszewscy.pl\/wp-content\/uploads\/2026\/01\/yamaha_mt-07_modell-2025_01.jpg 1500w\" sizes=\"(max-width: 960px) 100vw, 960px\" \/>\t\t\t\t\t\t\t\t\t\t\t\t\t<\/div>\n\t\t\t\t<\/div>\n\t\t\t\t<div class=\"elementor-element elementor-element-64c7a695 elementor-widget elementor-widget-heading\" data-id=\"64c7a695\" data-element_type=\"widget\" data-widget_type=\"heading.default\">\n\t\t\t\t<div class=\"elementor-widget-container\">\n\t\t\t<h2 class=\"elementor-heading-title elementor-size-default\">Kategoria A2 - 3.600 z\u0142<\/h2>\t\t<\/div>\n\t\t\t\t<\/div>\n\t\t\t\t<div class=\"elementor-element elementor-element-762471af elementor-widget elementor-widget-text-editor\" data-id=\"762471af\" data-element_type=\"widget\" data-widget_type=\"text-editor.default\">\n\t\t\t\t<div class=\"elementor-widget-container\">\n\t\t\t\t\t\t\t<p><b>Cena za 1h jazdy (szkolenie uzupe\u0142niaj\u0105ce) &#8211;<\/b> 180 z\u0142<\/p>\t\t\t\t\t\t<\/div>\n\t\t\t\t<\/div>\n\t\t\t\t\t<\/div>\n\t\t<\/div>\n\t\t\t\t<div class=\"elementor-column elementor-col-33 elementor-inner-column elementor-element elementor-element-748600bb\" data-id=\"748600bb\" data-element_type=\"column\">\n\t\t\t<div class=\"elementor-widget-wrap elementor-element-populated\">\n\t\t\t\t\t\t<div class=\"elementor-element elementor-element-e841a26 elementor-widget elementor-widget-image\" data-id=\"e841a26\" data-element_type=\"widget\" data-widget_type=\"image.default\">\n\t\t\t\t<div class=\"elementor-widget-container\">\n\t\t\t\t\t\t\t\t\t\t\t\t\t<img decoding=\"async\" src=\"https:\/\/osk-waliszewscy.pl\/wp-content\/uploads\/2026\/01\/002-638671041837637991-yamaha-mt-125.webp\" title=\"002-638671041837637991-yamaha-mt-125\" alt=\"002-638671041837637991-yamaha-mt-125\" loading=\"lazy\" \/>\t\t\t\t\t\t\t\t\t\t\t\t\t<\/div>\n\t\t\t\t<\/div>\n\t\t\t\t<div class=\"elementor-element elementor-element-4e712429 elementor-widget elementor-widget-heading\" data-id=\"4e712429\" data-element_type=\"widget\" data-widget_type=\"heading.default\">\n\t\t\t\t<div class=\"elementor-widget-container\">\n\t\t\t<h2 class=\"elementor-heading-title elementor-size-default\">Kategoria A1 - 3.300 z\u0142<\/h2>\t\t<\/div>\n\t\t\t\t<\/div>\n\t\t\t\t<div class=\"elementor-element elementor-element-4f26ae4d elementor-widget elementor-widget-text-editor\" data-id=\"4f26ae4d\" data-element_type=\"widget\" data-widget_type=\"text-editor.default\">\n\t\t\t\t<div class=\"elementor-widget-container\">\n\t\t\t\t\t\t\t<p><b>Cena za 1h jazdy (szkolenie uzupe\u0142niaj\u0105ce) &#8211;<\/b> 165 z\u0142<\/p>\t\t\t\t\t\t<\/div>\n\t\t\t\t<\/div>\n\t\t\t\t\t<\/div>\n\t\t<\/div>\n\t\t\t\t<div class=\"elementor-column elementor-col-33 elementor-inner-column elementor-element elementor-element-30bfd28\" data-id=\"30bfd28\" data-element_type=\"column\">\n\t\t\t<div class=\"elementor-widget-wrap elementor-element-populated\">\n\t\t\t\t\t\t<div class=\"elementor-element elementor-element-306c9b05 elementor-widget elementor-widget-image\" data-id=\"306c9b05\" data-element_type=\"widget\" data-widget_type=\"image.default\">\n\t\t\t\t<div class=\"elementor-widget-container\">\n\t\t\t\t\t\t\t\t\t\t\t\t\t<img loading=\"lazy\" decoding=\"async\" width=\"960\" height=\"640\" src=\"https:\/\/osk-waliszewscy.pl\/wp-content\/uploads\/2026\/01\/yamaha_mt-07_modell-2025_01-1024x683.jpg\" class=\"attachment-large size-large wp-image-1228\" alt=\"\" srcset=\"https:\/\/osk-waliszewscy.pl\/wp-content\/uploads\/2026\/01\/yamaha_mt-07_modell-2025_01-1024x683.jpg 1024w, https:\/\/osk-waliszewscy.pl\/wp-content\/uploads\/2026\/01\/yamaha_mt-07_modell-2025_01-300x200.jpg 300w, https:\/\/osk-waliszewscy.pl\/wp-content\/uploads\/2026\/01\/yamaha_mt-07_modell-2025_01-768x512.jpg 768w, https:\/\/osk-waliszewscy.pl\/wp-content\/uploads\/2026\/01\/yamaha_mt-07_modell-2025_01.jpg 1500w\" sizes=\"(max-width: 960px) 100vw, 960px\" \/>\t\t\t\t\t\t\t\t\t\t\t\t\t<\/div>\n\t\t\t\t<\/div>\n\t\t\t\t<div class=\"elementor-element elementor-element-1cd27949 elementor-widget elementor-widget-heading\" data-id=\"1cd27949\" data-element_type=\"widget\" data-widget_type=\"heading.default\">\n\t\t\t\t<div class=\"elementor-widget-container\">\n\t\t\t<h2 class=\"elementor-heading-title elementor-size-default\">Kategoria A - 3.600 z\u0142<\/h2>\t\t<\/div>\n\t\t\t\t<\/div>\n\t\t\t\t<div class=\"elementor-element elementor-element-6d5152f3 elementor-widget elementor-widget-text-editor\" data-id=\"6d5152f3\" data-element_type=\"widget\" data-widget_type=\"text-editor.default\">\n\t\t\t\t<div class=\"elementor-widget-container\">\n\t\t\t\t\t\t\t<p><b>Cena za 1h jazdy (szkolenie uzupe\u0142niaj\u0105ce) &#8211;<\/b> 180 z\u0142<\/p>\t\t\t\t\t\t<\/div>\n\t\t\t\t<\/div>\n\t\t\t\t\t<\/div>\n\t\t<\/div>\n\t\t\t\t\t<\/div>\n\t\t<\/section>\n\t\t\t\t<section class=\"elementor-section elementor-inner-section elementor-element elementor-element-7ffeb21c elementor-section-boxed elementor-section-height-default elementor-section-height-default wpr-particle-no wpr-jarallax-no wpr-parallax-no wpr-sticky-section-no\" data-id=\"7ffeb21c\" data-element_type=\"section\">\n\t\t\t\t\t\t<div class=\"elementor-container elementor-column-gap-default\">\n\t\t\t\t\t<div class=\"elementor-column elementor-col-100 elementor-inner-column elementor-element elementor-element-6584c2d9\" data-id=\"6584c2d9\" data-element_type=\"column\">\n\t\t\t<div class=\"elementor-widget-wrap elementor-element-populated\">\n\t\t\t\t\t\t<div class=\"elementor-element elementor-element-71920fc4 elementor-widget elementor-widget-image\" data-id=\"71920fc4\" data-element_type=\"widget\" data-widget_type=\"image.default\">\n\t\t\t\t<div class=\"elementor-widget-container\">\n\t\t\t\t\t\t\t\t\t\t\t\t\t<img decoding=\"async\" src=\"https:\/\/osk-waliszewscy.pl\/wp-content\/uploads\/2024\/08\/7.jpg\" title=\"7\" alt=\"7\" loading=\"lazy\" \/>\t\t\t\t\t\t\t\t\t\t\t\t\t<\/div>\n\t\t\t\t<\/div>\n\t\t\t\t<div class=\"elementor-element elementor-element-38b1937b elementor-widget elementor-widget-heading\" data-id=\"38b1937b\" data-element_type=\"widget\" data-widget_type=\"heading.default\">\n\t\t\t\t<div class=\"elementor-widget-container\">\n\t\t\t<h2 class=\"elementor-heading-title elementor-size-default\"><center>Kategoria T - od 2.200 z\u0142 <span style=\"text-align: left;\"><\/span><\/center><\/h2>\t\t<\/div>\n\t\t\t\t<\/div>\n\t\t\t\t<div class=\"elementor-element elementor-element-4f59bfe6 elementor-widget elementor-widget-text-editor\" data-id=\"4f59bfe6\" data-element_type=\"widget\" data-widget_type=\"text-editor.default\">\n\t\t\t\t<div class=\"elementor-widget-container\">\n\t\t\t\t\t\t\t<center><b>Cena za 1h jazdy (szkolenie uzupe\u0142niaj\u0105ce) &#8211;<\/b> 220 z\u0142<\/center>\t\t\t\t\t\t<\/div>\n\t\t\t\t<\/div>\n\t\t\t\t\t<\/div>\n\t\t<\/div>\n\t\t\t\t\t<\/div>\n\t\t<\/section>\n\t\t\t\t\t<\/div>\n\t\t<\/div>\n\t\t\t\t\t<\/div>\n\t\t<\/section>\n\t\t\t\t<\/div>\n\t\t","protected":false},"excerpt":{"rendered":"<p>Cennik Ceny obowi\u0105zuj\u0105 od 29.03.2026 Kategoria BE &#8211; 2.600 z\u0142 (Egzamin na zestawie OSK) Cena za 1h jazdy (szkolenie uzupe\u0142niaj\u0105ce) &#8211;\u00a0175 z\u0142 Kategoria AM &#8211; 2.000 z\u0142 Cena za 1h jazdy (szkolenie uzupe\u0142niaj\u0105ce)\u00a0&#8211;\u00a0200 z\u0142 Kategoria B &#8211; 4.000 z\u0142 Cena za 1h jazdy (szkolenie uzupe\u0142niaj\u0105ce)\u00a0&#8211;\u00a0140 z\u0142 Kategoria A2 &#8211; 3.600 z\u0142 Cena za 1h jazdy (szkolenie uzupe\u0142niaj\u0105ce) &#8211; 180 z\u0142 Kategoria A1 &#8211; 3.300 z\u0142 Cena za 1h jazdy (szkolenie uzupe\u0142niaj\u0105ce) &#8211; 165 z\u0142 Kategoria A &#8211; 3.600 z\u0142 Cena za 1h jazdy (szkolenie uzupe\u0142niaj\u0105ce) &#8211; 180 z\u0142 Kategoria T &#8211; od 2.200 z\u0142 Cena za 1h jazdy (szkolenie uzupe\u0142niaj\u0105ce) &#8211; 220 z\u0142<\/p>\n","protected":false},"author":1,"featured_media":0,"parent":0,"menu_order":0,"comment_status":"closed","ping_status":"closed","template":"elementor_canvas","meta":{"footnotes":""},"class_list":["post-1056","page","type-page","status-publish","hentry"],"_links":{"self":[{"href":"https:\/\/osk-waliszewscy.pl\/index.php\/wp-json\/wp\/v2\/pages\/1056","targetHints":{"allow":["GET"]}}],"collection":[{"href":"https:\/\/osk-waliszewscy.pl\/index.php\/wp-json\/wp\/v2\/pages"}],"about":[{"href":"https:\/\/osk-waliszewscy.pl\/index.php\/wp-json\/wp\/v2\/types\/page"}],"author":[{"embeddable":true,"href":"https:\/\/osk-waliszewscy.pl\/index.php\/wp-json\/wp\/v2\/users\/1"}],"replies":[{"embeddable":true,"href":"https:\/\/osk-waliszewscy.pl\/index.php\/wp-json\/wp\/v2\/comments?post=1056"}],"version-history":[{"count":50,"href":"https:\/\/osk-waliszewscy.pl\/index.php\/wp-json\/wp\/v2\/pages\/1056\/revisions"}],"predecessor-version":[{"id":1254,"href":"https:\/\/osk-waliszewscy.pl\/index.php\/wp-json\/wp\/v2\/pages\/1056\/revisions\/1254"}],"wp:attachment":[{"href":"https:\/\/osk-waliszewscy.pl\/index.php\/wp-json\/wp\/v2\/media?parent=1056"}],"curies":[{"name":"wp","href":"https:\/\/api.w.org\/{rel}","templated":true}]}}